{"id":28598,"date":"2025-07-17T10:37:56","date_gmt":"2025-07-17T10:37:56","guid":{"rendered":"https:\/\/www.patacord.com\/?post_type=product&#038;p=28598"},"modified":"2025-07-28T12:05:55","modified_gmt":"2025-07-28T12:05:55","slug":"coleira-paracord-premium-m","status":"publish","type":"product","link":"https:\/\/www.patacord.com\/en\/coleira-paracord-premium-m\/","title":{"rendered":"Paracord Collar Premium M"},"content":{"rendered":"<div data-elementor-type=\"wp-post\" data-elementor-id=\"28598\" class=\"elementor elementor-28598\" data-elementor-post-type=\"product\">\n\t\t\t\t<div class=\"wd-negative-gap elementor-element elementor-element-77efb82 e-flex e-con-boxed e-con e-parent\" data-id=\"77efb82\" data-element_type=\"container\">\n\t\t\t\t\t<div class=\"e-con-inner\">\n\t\t\t\t<div class=\"elementor-element elementor-element-f0ec461 elementor-widget__width-initial elementor-widget elementor-widget-wd_text_block\" data-id=\"f0ec461\" data-element_type=\"widget\" data-widget_type=\"wd_text_block.default\">\n\t\t\t\t<div class=\"elementor-widget-container\">\n\t\t\t\t\t\t\t<div class=\"wd-text-block reset-last-child text-left\">\n\t\t\t\n\t\t\t<h2>FEATURES OF THE PREMIUM PARACORD XL COLLAR<\/h2><ul><li><strong>Width:<\/strong> 3,5 cm<\/li><li><strong>Material:<\/strong> <a title=\"coleiras paracord\" href=\"https:\/\/www.patacord.com\/en\/coleiras-paracord\/\" target=\"_blank\" rel=\"noopener\">Paracord<\/a> 550 de alta resist\u00eancia<\/li><li><strong>Buckle:<\/strong> Premium BioThane (adjustable)<\/li><li>Customizable in color and size<\/li><li>Ideal for medium and large dogs<\/li><li>Handmade in Portugal<\/li><\/ul>\n\t\t\t\t\t<\/div>\n\t\t\t\t\t\t<\/div>\n\t\t\t\t<\/div>\n\t\t\t\t\t<\/div>\n\t\t\t\t<\/div>\n\t\t\t\t<\/div>","protected":false},"excerpt":{"rendered":"<p>Esta coleira foi pensada para quem procura durabilidade e um design \u00fanico. \u00c9 feita \u00e0 m\u00e3o em Portugal, com fios de paracord de alta resist\u00eancia e fecho BioThane, um material robusto, \u00e0 prova de \u00e1gua e f\u00e1cil de limpar.<\/p>\n<p>The 3.5 cm width offers both security and comfort, especially for medium and large dogs. Each piece is braided with attention to detail, ensuring a flawless and exclusive finish.<\/p>\n<p><strong>Neck measurements:<\/strong> 31 a 35 cm<\/p>","protected":false},"featured_media":28602,"comment_status":"open","ping_status":"closed","template":"","meta":[],"product_brand":[],"product_cat":[53],"product_tag":[],"class_list":{"0":"post-28598","1":"product","2":"type-product","3":"status-publish","4":"has-post-thumbnail","6":"product_cat-coleiras-paracord","8":"first","9":"instock","10":"shipping-taxable","11":"purchasable","12":"product-type-simple"},"_links":{"self":[{"href":"https:\/\/www.patacord.com\/en\/wp-json\/wp\/v2\/product\/28598","targetHints":{"allow":["GET"]}}],"collection":[{"href":"https:\/\/www.patacord.com\/en\/wp-json\/wp\/v2\/product"}],"about":[{"href":"https:\/\/www.patacord.com\/en\/wp-json\/wp\/v2\/types\/product"}],"replies":[{"embeddable":true,"href":"https:\/\/www.patacord.com\/en\/wp-json\/wp\/v2\/comments?post=28598"}],"version-history":[{"count":3,"href":"https:\/\/www.patacord.com\/en\/wp-json\/wp\/v2\/product\/28598\/revisions"}],"predecessor-version":[{"id":28603,"href":"https:\/\/www.patacord.com\/en\/wp-json\/wp\/v2\/product\/28598\/revisions\/28603"}],"wp:featuredmedia":[{"embeddable":true,"href":"https:\/\/www.patacord.com\/en\/wp-json\/wp\/v2\/media\/28602"}],"wp:attachment":[{"href":"https:\/\/www.patacord.com\/en\/wp-json\/wp\/v2\/media?parent=28598"}],"wp:term":[{"taxonomy":"product_brand","embeddable":true,"href":"https:\/\/www.patacord.com\/en\/wp-json\/wp\/v2\/product_brand?post=28598"},{"taxonomy":"product_cat","embeddable":true,"href":"https:\/\/www.patacord.com\/en\/wp-json\/wp\/v2\/product_cat?post=28598"},{"taxonomy":"product_tag","embeddable":true,"href":"https:\/\/www.patacord.com\/en\/wp-json\/wp\/v2\/product_tag?post=28598"}],"curies":[{"name":"wp","href":"https:\/\/api.w.org\/{rel}","templated":true}]}}